{"id":141,"date":"2026-03-04T19:22:56","date_gmt":"2026-03-04T18:22:56","guid":{"rendered":"https:\/\/www.abswj.dk\/spil\/?page_id=141"},"modified":"2026-03-04T19:22:59","modified_gmt":"2026-03-04T18:22:59","slug":"om-os-5","status":"publish","type":"page","link":"https:\/\/www.abswj.dk\/spil\/?page_id=141","title":{"rendered":"Om os"},"content":{"rendered":"\t\t<div data-elementor-type=\"wp-page\" data-elementor-id=\"141\" class=\"elementor elementor-141\">\n\t\t\t\t<div class=\"elementor-element elementor-element-6185da5 e-flex e-con-boxed e-con e-parent\" data-id=\"6185da5\" data-element_type=\"container\" data-e-type=\"container\" data-settings=\"{&quot;background_background&quot;:&quot;classic&quot;}\">\n\t\t\t\t\t<div class=\"e-con-inner\">\n\t\t<div class=\"elementor-element elementor-element-acd8a42 e-con-full e-flex e-con e-child\" data-id=\"acd8a42\" data-element_type=\"container\" data-e-type=\"container\">\n\t\t\t\t<div class=\"elementor-element elementor-element-0e68898 elementor-widget elementor-widget-heading\" data-id=\"0e68898\" data-element_type=\"widget\" data-e-type=\"widget\" data-widget_type=\"heading.default\">\n\t\t\t\t\t<h2 class=\"elementor-heading-title elementor-size-default\">Velkommen til Eventyrs Rejsen<\/h2>\t\t\t\t<\/div>\n\t\t\t\t<\/div>\n\t\t<div class=\"elementor-element elementor-element-8fd0565 e-con-full e-flex e-con e-child\" data-id=\"8fd0565\" data-element_type=\"container\" data-e-type=\"container\">\n\t\t\t\t<div class=\"elementor-element elementor-element-fb70a6f elementor-widget elementor-widget-text-editor\" data-id=\"fb70a6f\" data-element_type=\"widget\" data-e-type=\"widget\" data-widget_type=\"text-editor.default\">\n\t\t\t\t\t\t\t\t\t<p>Tr\u00e6d ind i en verden fyldt med magi og mysterier. I Eventyrs Rejsen inviterer vi alle, uanset alder, til at udforske interaktive spil, hvor du kan s\u00e6tte din fantasi og probleml\u00f8sning p\u00e5 pr\u00f8ve. Oplev eventyr i dit eget hjem og tag del i sp\u00e6ndende udfordringer sammen med familie og venner!<\/p>\t\t\t\t\t\t\t\t<\/div>\n\t\t\t\t<\/div>\n\t\t\t\t\t<\/div>\n\t\t\t\t<\/div>\n\t\t<div class=\"elementor-element elementor-element-84934be e-flex e-con-boxed e-con e-parent\" data-id=\"84934be\" data-element_type=\"container\" data-e-type=\"container\">\n\t\t\t\t\t<div class=\"e-con-inner\">\n\t\t<div class=\"elementor-element elementor-element-68b8cbd e-con-full e-flex e-con e-child\" data-id=\"68b8cbd\" data-element_type=\"container\" data-e-type=\"container\">\n\t\t\t\t<div class=\"elementor-element elementor-element-40184b9 elementor-widget elementor-widget-heading\" data-id=\"40184b9\" data-element_type=\"widget\" data-e-type=\"widget\" data-widget_type=\"heading.default\">\n\t\t\t\t\t<h5 class=\"elementor-heading-title elementor-size-default\">Eventyret Begynder<\/h5>\t\t\t\t<\/div>\n\t\t\t\t<div class=\"elementor-element elementor-element-de2d112 elementor-widget elementor-widget-heading\" data-id=\"de2d112\" data-element_type=\"widget\" data-e-type=\"widget\" data-widget_type=\"heading.default\">\n\t\t\t\t\t<h2 class=\"elementor-heading-title elementor-size-default\">Vores Rejse: Et Eventyr Gennem Tiden<\/h2>\t\t\t\t<\/div>\n\t\t\t\t<div class=\"elementor-element elementor-element-f872d35 elementor-widget elementor-widget-text-editor\" data-id=\"f872d35\" data-element_type=\"widget\" data-e-type=\"widget\" data-widget_type=\"text-editor.default\">\n\t\t\t\t\t\t\t\t\t<p>Eventyrs Rejsen startede som en dr\u00f8m om at bringe magien fra flugten af det ukendte ind i de hjemlige stuer. Vores koncept tog form, og med hver milep\u00e6l voksede vores passion for interaktive oplevelser. Her deler vi h\u00f8jdepunkterne fra vores rejse, fra de tidlige id\u00e9er til de sp\u00e6ndende eventyr, vi nu tilbyder.<\/p>\t\t\t\t\t\t\t\t<\/div>\n\t\t\t\t<\/div>\n\t\t<div class=\"elementor-element elementor-element-5b54ddd e-con-full e-flex e-con e-child\" data-id=\"5b54ddd\" data-element_type=\"container\" data-e-type=\"container\">\n\t\t<div class=\"elementor-element elementor-element-1186db6 e-con-full e-flex e-con e-child\" data-id=\"1186db6\" data-element_type=\"container\" data-e-type=\"container\">\n\t\t<div class=\"elementor-element elementor-element-5b6d5ca e-con-full e-flex e-con e-child\" data-id=\"5b6d5ca\" data-element_type=\"container\" data-e-type=\"container\">\n\t\t\t\t<div class=\"elementor-element elementor-element-c6de9d4 elementor-position-top elementor-widget elementor-widget-image-box\" data-id=\"c6de9d4\" data-element_type=\"widget\" data-e-type=\"widget\" data-widget_type=\"image-box.default\">\n\t\t\t\t\t<div class=\"elementor-image-box-wrapper\"><figure class=\"elementor-image-box-img\"><img fetchpriority=\"high\" decoding=\"async\" width=\"1081\" height=\"1080\" src=\"https:\/\/www.abswj.dk\/spil\/wp-content\/uploads\/2026\/03\/wireframe-img-1-e1708013680578.png\" class=\"attachment-full size-full wp-image-25\" alt=\"\" srcset=\"https:\/\/www.abswj.dk\/spil\/wp-content\/uploads\/2026\/03\/wireframe-img-1-e1708013680578.png 1081w, https:\/\/www.abswj.dk\/spil\/wp-content\/uploads\/2026\/03\/wireframe-img-1-e1708013680578-300x300.png 300w, https:\/\/www.abswj.dk\/spil\/wp-content\/uploads\/2026\/03\/wireframe-img-1-e1708013680578-1024x1024.png 1024w, https:\/\/www.abswj.dk\/spil\/wp-content\/uploads\/2026\/03\/wireframe-img-1-e1708013680578-150x150.png 150w, https:\/\/www.abswj.dk\/spil\/wp-content\/uploads\/2026\/03\/wireframe-img-1-e1708013680578-768x767.png 768w\" sizes=\"(max-width: 1081px) 100vw, 1081px\" \/><\/figure><div class=\"elementor-image-box-content\"><h3 class=\"elementor-image-box-title\">22. feb. 2024<\/h3><p class=\"elementor-image-box-description\">Vi lancerede vores f\u00f8rste online escape room, en rejse ind i en verden af g\u00e5der og mysterier, der fangede vores deltagere med skattekort og skjulte spor.<\/p><\/div><\/div>\t\t\t\t<\/div>\n\t\t\t\t<\/div>\n\t\t<div class=\"elementor-element elementor-element-a48d3fe e-con-full e-flex e-con e-child\" data-id=\"a48d3fe\" data-element_type=\"container\" data-e-type=\"container\">\n\t\t\t\t<div class=\"elementor-element elementor-element-d9c9899 elementor-position-top elementor-widget elementor-widget-image-box\" data-id=\"d9c9899\" data-element_type=\"widget\" data-e-type=\"widget\" data-widget_type=\"image-box.default\">\n\t\t\t\t\t<div class=\"elementor-image-box-wrapper\"><figure class=\"elementor-image-box-img\"><img fetchpriority=\"high\" decoding=\"async\" width=\"1081\" height=\"1080\" src=\"https:\/\/www.abswj.dk\/spil\/wp-content\/uploads\/2026\/03\/wireframe-img-1-e1708013680578.png\" class=\"attachment-full size-full wp-image-25\" alt=\"\" srcset=\"https:\/\/www.abswj.dk\/spil\/wp-content\/uploads\/2026\/03\/wireframe-img-1-e1708013680578.png 1081w, https:\/\/www.abswj.dk\/spil\/wp-content\/uploads\/2026\/03\/wireframe-img-1-e1708013680578-300x300.png 300w, https:\/\/www.abswj.dk\/spil\/wp-content\/uploads\/2026\/03\/wireframe-img-1-e1708013680578-1024x1024.png 1024w, https:\/\/www.abswj.dk\/spil\/wp-content\/uploads\/2026\/03\/wireframe-img-1-e1708013680578-150x150.png 150w, https:\/\/www.abswj.dk\/spil\/wp-content\/uploads\/2026\/03\/wireframe-img-1-e1708013680578-768x767.png 768w\" sizes=\"(max-width: 1081px) 100vw, 1081px\" \/><\/figure><div class=\"elementor-image-box-content\"><h3 class=\"elementor-image-box-title\">24. feb. 2024<\/h3><p class=\"elementor-image-box-description\">Vores f\u00e6llesskab voksede, som flere rejsende deltog i vores eventyr, og vi fik feedback, der hjalp os med at forbedre oplevelserne.<\/p><\/div><\/div>\t\t\t\t<\/div>\n\t\t\t\t<\/div>\n\t\t<div class=\"elementor-element elementor-element-55586a8 e-con-full e-flex e-con e-child\" data-id=\"55586a8\" data-element_type=\"container\" data-e-type=\"container\">\n\t\t\t\t<div class=\"elementor-element elementor-element-afda0c6 elementor-position-top elementor-widget elementor-widget-image-box\" data-id=\"afda0c6\" data-element_type=\"widget\" data-e-type=\"widget\" data-widget_type=\"image-box.default\">\n\t\t\t\t\t<div class=\"elementor-image-box-wrapper\"><figure class=\"elementor-image-box-img\"><img fetchpriority=\"high\" decoding=\"async\" width=\"1081\" height=\"1080\" src=\"https:\/\/www.abswj.dk\/spil\/wp-content\/uploads\/2026\/03\/wireframe-img-1-e1708013680578.png\" class=\"attachment-full size-full wp-image-25\" alt=\"\" srcset=\"https:\/\/www.abswj.dk\/spil\/wp-content\/uploads\/2026\/03\/wireframe-img-1-e1708013680578.png 1081w, https:\/\/www.abswj.dk\/spil\/wp-content\/uploads\/2026\/03\/wireframe-img-1-e1708013680578-300x300.png 300w, https:\/\/www.abswj.dk\/spil\/wp-content\/uploads\/2026\/03\/wireframe-img-1-e1708013680578-1024x1024.png 1024w, https:\/\/www.abswj.dk\/spil\/wp-content\/uploads\/2026\/03\/wireframe-img-1-e1708013680578-150x150.png 150w, https:\/\/www.abswj.dk\/spil\/wp-content\/uploads\/2026\/03\/wireframe-img-1-e1708013680578-768x767.png 768w\" sizes=\"(max-width: 1081px) 100vw, 1081px\" \/><\/figure><div class=\"elementor-image-box-content\"><h3 class=\"elementor-image-box-title\">28. feb. 2024<\/h3><p class=\"elementor-image-box-description\">Vi indf\u00f8rte nye temaer og sv\u00e6rhedsgrader, der appellerede til eventyrere i alle aldre og gjorde hver udfordring unik.<\/p><\/div><\/div>\t\t\t\t<\/div>\n\t\t\t\t<\/div>\n\t\t<div class=\"elementor-element elementor-element-a4a9c5c e-con-full e-flex e-con e-child\" data-id=\"a4a9c5c\" data-element_type=\"container\" data-e-type=\"container\">\n\t\t\t\t<div class=\"elementor-element elementor-element-fd911f6 elementor-position-top elementor-widget elementor-widget-image-box\" data-id=\"fd911f6\" data-element_type=\"widget\" data-e-type=\"widget\" data-widget_type=\"image-box.default\">\n\t\t\t\t\t<div class=\"elementor-image-box-wrapper\"><figure class=\"elementor-image-box-img\"><img fetchpriority=\"high\" decoding=\"async\" width=\"1081\" height=\"1080\" src=\"https:\/\/www.abswj.dk\/spil\/wp-content\/uploads\/2026\/03\/wireframe-img-1-e1708013680578.png\" class=\"attachment-full size-full wp-image-25\" alt=\"\" srcset=\"https:\/\/www.abswj.dk\/spil\/wp-content\/uploads\/2026\/03\/wireframe-img-1-e1708013680578.png 1081w, https:\/\/www.abswj.dk\/spil\/wp-content\/uploads\/2026\/03\/wireframe-img-1-e1708013680578-300x300.png 300w, https:\/\/www.abswj.dk\/spil\/wp-content\/uploads\/2026\/03\/wireframe-img-1-e1708013680578-1024x1024.png 1024w, https:\/\/www.abswj.dk\/spil\/wp-content\/uploads\/2026\/03\/wireframe-img-1-e1708013680578-150x150.png 150w, https:\/\/www.abswj.dk\/spil\/wp-content\/uploads\/2026\/03\/wireframe-img-1-e1708013680578-768x767.png 768w\" sizes=\"(max-width: 1081px) 100vw, 1081px\" \/><\/figure><div class=\"elementor-image-box-content\"><h3 class=\"elementor-image-box-title\">29. feb. 2024<\/h3><p class=\"elementor-image-box-description\">Vores f\u00f8rste store jubil\u00e6um: Vi fejrede med vores f\u00e6llesskab og gav en s\u00e6rlig pr\u00e6mie til dem, der havde l\u00f8st alle g\u00e5der.<\/p><\/div><\/div>\t\t\t\t<\/div>\n\t\t\t\t<\/div>\n\t\t\t\t<\/div>\n\t\t\t\t<\/div>\n\t\t\t\t\t<\/div>\n\t\t\t\t<\/div>\n\t\t<div class=\"elementor-element elementor-element-1a84f19 e-flex e-con-boxed e-con e-parent\" data-id=\"1a84f19\" data-element_type=\"container\" data-e-type=\"container\">\n\t\t\t\t\t<div class=\"e-con-inner\">\n\t\t\t\t<div class=\"elementor-element elementor-element-248dac7 elementor-widget elementor-widget-heading\" data-id=\"248dac7\" data-element_type=\"widget\" data-e-type=\"widget\" data-widget_type=\"heading.default\">\n\t\t\t\t\t<h2 class=\"elementor-heading-title elementor-size-default\">Vores team<\/h2>\t\t\t\t<\/div>\n\t\t\t\t<div class=\"elementor-element elementor-element-89e3156 elementor-widget elementor-widget-heading\" data-id=\"89e3156\" data-element_type=\"widget\" data-e-type=\"widget\" data-widget_type=\"heading.default\">\n\t\t\t\t\t<h5 class=\"elementor-heading-title elementor-size-default\">M\u00f8d de talentfulde sj\u00e6le bag vores eventyr og spil.<\/h5>\t\t\t\t<\/div>\n\t\t\t\t\t<\/div>\n\t\t\t\t<\/div>\n\t\t<div class=\"elementor-element elementor-element-782f5db e-flex e-con-boxed e-con e-parent\" data-id=\"782f5db\" data-element_type=\"container\" data-e-type=\"container\">\n\t\t\t\t\t<div class=\"e-con-inner\">\n\t\t\t\t<div class=\"elementor-element elementor-element-cedb661 elementor-widget elementor-widget-nested-carousel\" data-id=\"cedb661\" data-element_type=\"widget\" data-e-type=\"widget\" data-widget_type=\"nested-carousel.default\">\n\t\t\t\t<div class=\"elementor-widget-container\">\n\t\t\t\t\t \t\t\t\t<\/div>\n\t\t\t\t<\/div>\n\t\t\t\t\t<\/div>\n\t\t\t\t<\/div>\n\t\t<div class=\"elementor-element elementor-element-b15c10c e-flex e-con-boxed e-con e-parent\" data-id=\"b15c10c\" data-element_type=\"container\" data-e-type=\"container\" data-settings=\"{&quot;background_background&quot;:&quot;classic&quot;}\">\n\t\t\t\t\t<div class=\"e-con-inner\">\n\t\t<div class=\"elementor-element elementor-element-0e8a2a1 e-con-full e-flex e-con e-child\" data-id=\"0e8a2a1\" data-element_type=\"container\" data-e-type=\"container\">\n\t\t\t\t<div class=\"elementor-element elementor-element-e1a04a5 elementor-widget elementor-widget-heading\" data-id=\"e1a04a5\" data-element_type=\"widget\" data-e-type=\"widget\" data-widget_type=\"heading.default\">\n\t\t\t\t\t<h2 class=\"elementor-heading-title elementor-size-default\">V\u00e6rdierne der leder Eventyrs Rejsen<\/h2>\t\t\t\t<\/div>\n\t\t\t\t<div class=\"elementor-element elementor-element-7f7340b elementor-widget elementor-widget-text-editor\" data-id=\"7f7340b\" data-element_type=\"widget\" data-e-type=\"widget\" data-widget_type=\"text-editor.default\">\n\t\t\t\t\t\t\t\t\t<p>Vores rejse styres af tre grundl\u00e6ggende v\u00e6rdier: innovation, samarbejde og eventyrlyst. Innovation driver vores kreative l\u00f8sninger, samarbejde styrker vores f\u00e6llesskab, og eventyrlyst inspirerer os til at udforske det ukendte. Disse principper danner fundamentet for vores interaktive spil og skaber en oplevelse, hvor alle aldre kan fordybe sig i sp\u00e6nding og udfordring.<\/p>\t\t\t\t\t\t\t\t<\/div>\n\t\t\t\t<\/div>\n\t\t\t\t\t<\/div>\n\t\t\t\t<\/div>\n\t\t<div class=\"elementor-element elementor-element-30d36f0 e-flex e-con-boxed e-con e-parent\" data-id=\"30d36f0\" data-element_type=\"container\" data-e-type=\"container\">\n\t\t\t\t\t<div class=\"e-con-inner\">\n\t\t<div class=\"elementor-element elementor-element-9e09636 e-con-full e-flex e-con e-child\" data-id=\"9e09636\" data-element_type=\"container\" data-e-type=\"container\">\n\t\t\t\t<div class=\"elementor-element elementor-element-e812248 elementor-widget elementor-widget-image\" data-id=\"e812248\" data-element_type=\"widget\" data-e-type=\"widget\" data-widget_type=\"image.default\">\n\t\t\t\t\t\t\t\t\t\t\t\t\t\t\t<img decoding=\"async\" width=\"800\" height=\"800\" src=\"https:\/\/www.abswj.dk\/spil\/wp-content\/uploads\/2026\/03\/wireframe-img-1-e1708013680578-1024x1024.png\" class=\"attachment-large size-large wp-image-25\" alt=\"\" srcset=\"https:\/\/www.abswj.dk\/spil\/wp-content\/uploads\/2026\/03\/wireframe-img-1-e1708013680578-1024x1024.png 1024w, https:\/\/www.abswj.dk\/spil\/wp-content\/uploads\/2026\/03\/wireframe-img-1-e1708013680578-300x300.png 300w, https:\/\/www.abswj.dk\/spil\/wp-content\/uploads\/2026\/03\/wireframe-img-1-e1708013680578-150x150.png 150w, https:\/\/www.abswj.dk\/spil\/wp-content\/uploads\/2026\/03\/wireframe-img-1-e1708013680578-768x767.png 768w, https:\/\/www.abswj.dk\/spil\/wp-content\/uploads\/2026\/03\/wireframe-img-1-e1708013680578.png 1081w\" sizes=\"(max-width: 800px) 100vw, 800px\" \/>\t\t\t\t\t\t\t\t\t\t\t\t\t\t\t<\/div>\n\t\t\t\t<div class=\"elementor-element elementor-element-130034c elementor-widget__width-auto elementor-absolute elementor-widget elementor-widget-image\" data-id=\"130034c\" data-element_type=\"widget\" data-e-type=\"widget\" data-settings=\"{&quot;_position&quot;:&quot;absolute&quot;}\" data-widget_type=\"image.default\">\n\t\t\t\t\t\t\t\t\t\t\t\t\t\t\t<img decoding=\"async\" width=\"800\" height=\"800\" src=\"https:\/\/www.abswj.dk\/spil\/wp-content\/uploads\/2026\/03\/wireframe-img-1-e1708013680578-1024x1024.png\" class=\"attachment-large size-large wp-image-25\" alt=\"\" srcset=\"https:\/\/www.abswj.dk\/spil\/wp-content\/uploads\/2026\/03\/wireframe-img-1-e1708013680578-1024x1024.png 1024w, https:\/\/www.abswj.dk\/spil\/wp-content\/uploads\/2026\/03\/wireframe-img-1-e1708013680578-300x300.png 300w, https:\/\/www.abswj.dk\/spil\/wp-content\/uploads\/2026\/03\/wireframe-img-1-e1708013680578-150x150.png 150w, https:\/\/www.abswj.dk\/spil\/wp-content\/uploads\/2026\/03\/wireframe-img-1-e1708013680578-768x767.png 768w, https:\/\/www.abswj.dk\/spil\/wp-content\/uploads\/2026\/03\/wireframe-img-1-e1708013680578.png 1081w\" sizes=\"(max-width: 800px) 100vw, 800px\" \/>\t\t\t\t\t\t\t\t\t\t\t\t\t\t\t<\/div>\n\t\t\t\t<\/div>\n\t\t<div class=\"elementor-element elementor-element-c4c3ae7 e-con-full e-flex e-con e-child\" data-id=\"c4c3ae7\" data-element_type=\"container\" data-e-type=\"container\">\n\t\t\t\t<div class=\"elementor-element elementor-element-fc19d65 elementor-widget-tablet__width-inherit elementor-widget elementor-widget-heading\" data-id=\"fc19d65\" data-element_type=\"widget\" data-e-type=\"widget\" data-widget_type=\"heading.default\">\n\t\t\t\t\t<h2 class=\"elementor-heading-title elementor-size-default\">Kundeudtalelser<\/h2>\t\t\t\t<\/div>\n\t\t\t\t<div class=\"elementor-element elementor-element-674de4b elementor-widget-tablet__width-initial elementor-widget-mobile__width-inherit elementor-widget elementor-widget-testimonial\" data-id=\"674de4b\" data-element_type=\"widget\" data-e-type=\"widget\" data-widget_type=\"testimonial.default\">\n\t\t\t\t\t\t\t<div class=\"elementor-testimonial-wrapper\">\n\t\t\t\t\t\t\t<div class=\"elementor-testimonial-content\">\u201cJeg f\u00f8lte mig som en \u00e6gte detektiv! Den online escape room oplevelse blev mere eventyrlig end jeg havde forventet. Kan varmt anbefales!\u201d<\/div>\n\t\t\t\n\t\t\t\t\t\t<div class=\"elementor-testimonial-meta elementor-has-image elementor-testimonial-image-position-aside\">\n\t\t\t\t<div class=\"elementor-testimonial-meta-inner\">\n\t\t\t\t\t\t\t\t\t\t\t<div class=\"elementor-testimonial-image\">\n\t\t\t\t\t\t\t<img fetchpriority=\"high\" decoding=\"async\" width=\"1081\" height=\"1080\" src=\"https:\/\/www.abswj.dk\/spil\/wp-content\/uploads\/2026\/03\/wireframe-img-1-e1708013680578.png\" class=\"attachment-full size-full wp-image-25\" alt=\"\" srcset=\"https:\/\/www.abswj.dk\/spil\/wp-content\/uploads\/2026\/03\/wireframe-img-1-e1708013680578.png 1081w, https:\/\/www.abswj.dk\/spil\/wp-content\/uploads\/2026\/03\/wireframe-img-1-e1708013680578-300x300.png 300w, https:\/\/www.abswj.dk\/spil\/wp-content\/uploads\/2026\/03\/wireframe-img-1-e1708013680578-1024x1024.png 1024w, https:\/\/www.abswj.dk\/spil\/wp-content\/uploads\/2026\/03\/wireframe-img-1-e1708013680578-150x150.png 150w, https:\/\/www.abswj.dk\/spil\/wp-content\/uploads\/2026\/03\/wireframe-img-1-e1708013680578-768x767.png 768w\" sizes=\"(max-width: 1081px) 100vw, 1081px\" \/>\t\t\t\t\t\t<\/div>\n\t\t\t\t\t\n\t\t\t\t\t\t\t\t\t\t<div class=\"elementor-testimonial-details\">\n\t\t\t\t\t\t\t\t\t\t\t\t\t\t<div class=\"elementor-testimonial-name\">Marie Jensen<\/div>\n\t\t\t\t\t\t\t\t\t\t\t\t\t\t\t\t\t\t\t<\/div>\n\t\t\t\t\t\t\t\t\t<\/div>\n\t\t\t<\/div>\n\t\t\t\t\t<\/div>\n\t\t\t\t\t\t<\/div>\n\t\t\t\t<div class=\"elementor-element elementor-element-e81cf2e elementor-widget-tablet__width-initial elementor-widget-mobile__width-inherit elementor-widget elementor-widget-testimonial\" data-id=\"e81cf2e\" data-element_type=\"widget\" data-e-type=\"widget\" data-widget_type=\"testimonial.default\">\n\t\t\t\t\t\t\t<div class=\"elementor-testimonial-wrapper\">\n\t\t\t\t\t\t\t<div class=\"elementor-testimonial-content\">\u201cEn fantastisk m\u00e5de at udfordre sig selv p\u00e5 med venner! Hver detalje gjorde oplevelsen mere fordybende. Vi havde det sjovt fra start til slut!\u201d<\/div>\n\t\t\t\n\t\t\t\t\t\t<div class=\"elementor-testimonial-meta elementor-has-image elementor-testimonial-image-position-aside\">\n\t\t\t\t<div class=\"elementor-testimonial-meta-inner\">\n\t\t\t\t\t\t\t\t\t\t\t<div class=\"elementor-testimonial-image\">\n\t\t\t\t\t\t\t<img fetchpriority=\"high\" decoding=\"async\" width=\"1081\" height=\"1080\" src=\"https:\/\/www.abswj.dk\/spil\/wp-content\/uploads\/2026\/03\/wireframe-img-1-e1708013680578.png\" class=\"attachment-full size-full wp-image-25\" alt=\"\" srcset=\"https:\/\/www.abswj.dk\/spil\/wp-content\/uploads\/2026\/03\/wireframe-img-1-e1708013680578.png 1081w, https:\/\/www.abswj.dk\/spil\/wp-content\/uploads\/2026\/03\/wireframe-img-1-e1708013680578-300x300.png 300w, https:\/\/www.abswj.dk\/spil\/wp-content\/uploads\/2026\/03\/wireframe-img-1-e1708013680578-1024x1024.png 1024w, https:\/\/www.abswj.dk\/spil\/wp-content\/uploads\/2026\/03\/wireframe-img-1-e1708013680578-150x150.png 150w, https:\/\/www.abswj.dk\/spil\/wp-content\/uploads\/2026\/03\/wireframe-img-1-e1708013680578-768x767.png 768w\" sizes=\"(max-width: 1081px) 100vw, 1081px\" \/>\t\t\t\t\t\t<\/div>\n\t\t\t\t\t\n\t\t\t\t\t\t\t\t\t\t<div class=\"elementor-testimonial-details\">\n\t\t\t\t\t\t\t\t\t\t\t\t\t\t<div class=\"elementor-testimonial-name\">Thomas Hansen<\/div>\n\t\t\t\t\t\t\t\t\t\t\t\t\t\t\t\t\t\t\t<\/div>\n\t\t\t\t\t\t\t\t\t<\/div>\n\t\t\t<\/div>\n\t\t\t\t\t<\/div>\n\t\t\t\t\t\t<\/div>\n\t\t\t\t<\/div>\n\t\t\t\t\t<\/div>\n\t\t\t\t<\/div>\n\t\t<div class=\"elementor-element elementor-element-7175122 e-flex e-con-boxed e-con e-parent\" data-id=\"7175122\" data-element_type=\"container\" data-e-type=\"container\" data-settings=\"{&quot;background_background&quot;:&quot;classic&quot;}\">\n\t\t\t\t\t<div class=\"e-con-inner\">\n\t\t<div class=\"elementor-element elementor-element-51e6272 e-con-full e-flex e-con e-child\" data-id=\"51e6272\" data-element_type=\"container\" data-e-type=\"container\">\n\t\t\t\t<div class=\"elementor-element elementor-element-9558bb6 elementor-widget elementor-widget-heading\" data-id=\"9558bb6\" data-element_type=\"widget\" data-e-type=\"widget\" data-widget_type=\"heading.default\">\n\t\t\t\t\t<h2 class=\"elementor-heading-title elementor-size-default\">Bliv en del af eventyret!<\/h2>\t\t\t\t<\/div>\n\t\t\t\t<div class=\"elementor-element elementor-element-b9c576f elementor-widget elementor-widget-text-editor\" data-id=\"b9c576f\" data-element_type=\"widget\" data-e-type=\"widget\" data-widget_type=\"text-editor.default\">\n\t\t\t\t\t\t\t\t\t<p>Oplev sp\u00e6ndingen i vores interaktive escaperooms. Udfordringer venter, og eventyret kalder!<\/p>\t\t\t\t\t\t\t\t<\/div>\n\t\t<div class=\"elementor-element elementor-element-f8591fa e-flex e-con-boxed e-con e-child\" data-id=\"f8591fa\" data-element_type=\"container\" data-e-type=\"container\">\n\t\t\t\t\t<div class=\"e-con-inner\">\n\t\t\t\t<div class=\"elementor-element elementor-element-4e844e1 elementor-widget__width-auto elementor-widget elementor-widget-button\" data-id=\"4e844e1\" data-element_type=\"widget\" data-e-type=\"widget\" data-widget_type=\"button.default\">\n\t\t\t\t\t\t\t\t\t\t<a class=\"elementor-button elementor-button-link elementor-size-sm\" href=\"#\">\n\t\t\t\t\t\t<span class=\"elementor-button-content-wrapper\">\n\t\t\t\t\t\t\t\t\t<span class=\"elementor-button-text\">Udforsk nu<\/span>\n\t\t\t\t\t<\/span>\n\t\t\t\t\t<\/a>\n\t\t\t\t\t\t\t\t<\/div>\n\t\t\t\t<div class=\"elementor-element elementor-element-934a724 elementor-widget__width-auto elementor-widget elementor-widget-button\" data-id=\"934a724\" data-element_type=\"widget\" data-e-type=\"widget\" data-widget_type=\"button.default\">\n\t\t\t\t\t\t\t\t\t\t<a class=\"elementor-button elementor-button-link elementor-size-sm\" href=\"#\">\n\t\t\t\t\t\t<span class=\"elementor-button-content-wrapper\">\n\t\t\t\t\t\t\t\t\t<span class=\"elementor-button-text\">Start dit eventyr<\/span>\n\t\t\t\t\t<\/span>\n\t\t\t\t\t<\/a>\n\t\t\t\t\t\t\t\t<\/div>\n\t\t\t\t\t<\/div>\n\t\t\t\t<\/div>\n\t\t\t\t<\/div>\n\t\t\t\t\t<\/div>\n\t\t\t\t<\/div>\n\t\t\t\t<\/div>\n\t\t","protected":false},"excerpt":{"rendered":"<p>Velkommen til Eventyrs Rejsen Tr\u00e6d ind i en verden fyldt med magi og mysterier. I Eventyrs Rejsen inviterer vi alle, uanset alder, til at udforske interaktive spil, hvor du kan s\u00e6tte din fantasi og probleml\u00f8sning p\u00e5 pr\u00f8ve. Oplev eventyr i dit eget hjem og tag del i sp\u00e6ndende udfordringer sammen med familie og venner! Eventyret [&hellip;]<\/p>\n","protected":false},"author":1,"featured_media":0,"parent":0,"menu_order":0,"comment_status":"closed","ping_status":"closed","template":"","meta":{"footnotes":""},"class_list":["post-141","page","type-page","status-publish","hentry"],"_links":{"self":[{"href":"https:\/\/www.abswj.dk\/spil\/index.php?rest_route=\/wp\/v2\/pages\/141","targetHints":{"allow":["GET"]}}],"collection":[{"href":"https:\/\/www.abswj.dk\/spil\/index.php?rest_route=\/wp\/v2\/pages"}],"about":[{"href":"https:\/\/www.abswj.dk\/spil\/index.php?rest_route=\/wp\/v2\/types\/page"}],"author":[{"embeddable":true,"href":"https:\/\/www.abswj.dk\/spil\/index.php?rest_route=\/wp\/v2\/users\/1"}],"replies":[{"embeddable":true,"href":"https:\/\/www.abswj.dk\/spil\/index.php?rest_route=%2Fwp%2Fv2%2Fcomments&post=141"}],"version-history":[{"count":1,"href":"https:\/\/www.abswj.dk\/spil\/index.php?rest_route=\/wp\/v2\/pages\/141\/revisions"}],"predecessor-version":[{"id":164,"href":"https:\/\/www.abswj.dk\/spil\/index.php?rest_route=\/wp\/v2\/pages\/141\/revisions\/164"}],"wp:attachment":[{"href":"https:\/\/www.abswj.dk\/spil\/index.php?rest_route=%2Fwp%2Fv2%2Fmedia&parent=141"}],"curies":[{"name":"wp","href":"https:\/\/api.w.org\/{rel}","templated":true}]}}